{"id":293,"date":"2016-04-21T10:09:11","date_gmt":"2016-04-21T10:09:11","guid":{"rendered":"http:\/\/siteversion2.kinesiologie-strasbourg.com\/?page_id=293"},"modified":"2024-10-05T11:08:53","modified_gmt":"2024-10-05T09:08:53","slug":"about","status":"publish","type":"page","link":"https:\/\/siteversion2.kinesiologie-strasbourg.com\/index.php\/about\/","title":{"rendered":"\u00c0 propos"},"content":{"rendered":"<section class=\"wpb-content-wrapper\"><p>[vc_row][vc_column width=&#8221;1\/12&#8243;][\/vc_column][vc_column width=&#8221;5\/6&#8243; css=&#8221;.vc_custom_1461318466094{margin-top: 8.6em !important;margin-bottom: 6.5em !important;}&#8221;]<figure class=\"sc_image  alignleft sc_image_shape_round margin_top_tiny-\" style=\"width:225px;\"><img decoding=\"async\" src=\"https:\/\/siteversion2.kinesiologie-strasbourg.com\/wp-content\/uploads\/2024\/10\/Design-sans-titre-1-225x225.png\" alt=\"\" \/><\/figure><div class=\"sc_section margin_left_tiny\"><div class=\"sc_section_inner\"><h1 class=\"sc_section_title sc_item_title\">Bonjour, je suis V\u00e9ronique Saragoza.<\/h1><div class=\"sc_section_descr sc_item_descr\">J'ai toujours \u00e9t\u00e9 en qu\u00eate de sens, cherchant \u00e0 donner un sens \u00e0 ma vie. Dipl\u00f4m\u00e9e en kin\u00e9siologie depuis 2000 et praticienne en PsychoM\u00e9taphysique depuis 2007. La PsychoM\u00e9taphysique est une technique pionni\u00e8re, d\u00e9velopp\u00e9e par M. Gianni Cassone, th\u00e9oricien et infirmier en psychiatrie. La kin\u00e9siologie, et surtout la PsychoM\u00e9taphysique, m'ont aid\u00e9e \u00e0 traverser des traumatismes importants tels qu'un cancer du sein en 2014. Lors de mon cancer du sein, la m\u00e9decine et la PsychoM\u00e9taphysique m'ont sauv\u00e9 la vie et permis de tenir le cap avec le sourire pour traverser cette \u00e9preuve difficile. Aujourd'hui, je suis gu\u00e9rie.<\/div><div class=\"sc_section_content_wrap\"><\/div><\/div><\/div>[vc_separator color=&#8221;orange&#8221;][vc_row_inner][vc_column_inner][vc_text_separator][vc_column_text]I am text block. Click edit button to change this text. Lorem ipsum dolor sit amet, consectetur adipiscing elit. Ut elit tellus, luctus nec ullamcorper mattis, pulvinar dapibus leo.[\/vc_column_text][vc_text_separator color=&#8221;orange&#8221;][\/vc_column_inner][\/vc_row_inner][\/vc_column][\/vc_row][vc_row full_width=&#8221;stretch_row&#8221; inverse=&#8221;&#8221; css=&#8221;.vc_custom_1634211962225{background-image: url(http:\/\/siteversion2.kinesiologie-strasbourg.com\/wp-content\/uploads\/2016\/04\/about_bg.jpg?id=318) !important;background-position: center !important;background-repeat: no-repeat !important;background-size: cover !important;}&#8221;][vc_column width=&#8221;1\/2&#8243; css=&#8221;.vc_custom_1461323485740{padding-top: 0.8em !important;}&#8221;]<div class=\"sc_section mrn_right_0 margin_top_large inverse_section\"><div class=\"sc_section_inner\"><h6 class=\"sc_section_subtitle sc_item_subtitle\">Exp\u00e9rience<\/h6><h1 class=\"sc_section_title sc_item_title\">Mon parcours<\/h1><div class=\"sc_section_content_wrap\"><div class=\"sc_section sc_section_block margin_top_medium margin_right_small\"><div class=\"sc_section_inner\"><div class=\"sc_section_content_wrap\"><div class=\"cq-draggable-container \" data-draggingbarbgcolor=\"#445455\" data-defaultbarbgcolor=\"#27abb7\" data-avatarstyle=\"icon\" data-activeiconcolor=\"#dd3333\" data-autoplay=\"yes\" data-autoplayspeed=\"\" data-labelcolor=\"\" data-dragbuttonwidth=\"\" data-contaienrwidth=\"100%\"><div class=\"cq-draggable-slider\"><div class=\"cq-draggable-stripe\"><div class=\"cq-draggable-handle\"><div class=\"cq-infobox green\"><div class=\"cq-titlecontainer\"><div class=\"cq-titlebar\">Dipl\u00f4me de kin\u00e9siologie<\/div><div class=\"cq-titlebar\">Installation comme kin\u00e9siologue ind\u00e9pendante<\/div><div class=\"cq-titlebar\">Dipl\u00f4me de PsychoM\u00e9taphysique<\/div><div class=\"cq-titlebar\">D\u00e9but de la pratique de PsychoM\u00e9taphysique<\/div><div class=\"cq-titlebar\">Ouverture de l'Institut de PsychoM\u00e9ta<\/div><\/div><div class=\"cq-innerbox\"><div class=\"cq-carouselcontainer\"><div class=\"cq-carouselcontent\">Lorem ipsum dolor sit amet, ctetuer adipiscing elitraesent vestibullestie lacus.\n<\/div><div class=\"cq-carouselcontent\">Lorem ipsum dolor sit amet, ctetuer adipiscing elitraesent vestibullestie lacus.\n<\/div><div class=\"cq-carouselcontent\">Lorem ipsum dolor sit amet, ctetuer adipiscing elitraesent vestibullestie lacus.\n<\/div><div class=\"cq-carouselcontent\">Lorem ipsum dolor sit amet, ctetuer adipiscing elitraesent vestibullestie lacus.\n<\/div><div class=\"cq-carouselcontent\">Lorem ipsum dolor sit amet, ctetuer adipiscing elitraesent vestibullestie lacus.\n<p><\/div><\/div><\/div><\/div><\/div><\/div><div class=\"cq-barcontainer\"><div class=\"cq-highlight-container icon\"><div class=\"cq-highlight circle\" data-iconbgcolors=\"#27abb7\"><span class=\"fa fa-1x fa-heart\"><\/span><\/div><span class=\"cq-highlight-label\">2001<\/span><\/div><div class=\"cq-highlight-container icon\"><div class=\"cq-highlight circle\" data-iconbgcolors=\"#27abb7\"><span class=\"fa fa-1x fa-heart\"><\/span><\/div><span class=\"cq-highlight-label\">2003<\/span><\/div><div class=\"cq-highlight-container icon\"><div class=\"cq-highlight circle\" data-iconbgcolors=\"#27abb7\"><span class=\"fa fa-1x fa-heart\"><\/span><\/div><span class=\"cq-highlight-label\">2007<\/span><\/div><div class=\"cq-highlight-container icon\"><div class=\"cq-highlight circle\" data-iconbgcolors=\"#27abb7\"><span class=\"fa fa-1x fa-heart\"><\/span><\/div><span class=\"cq-highlight-label\">2008<\/span><\/div><div class=\"cq-highlight-container icon\"><div class=\"cq-highlight circle\" data-iconbgcolors=\"#27abb7\"><span class=\"fa fa-1x fa-heart\"><\/span><\/div><span class=\"cq-highlight-label\">2023<\/span><\/div><\/div><\/div><\/div><\/div><\/div><\/div><\/div><\/div><\/div>[\/vc_column][vc_column width=&#8221;1\/2&#8243; css=&#8221;.vc_custom_1461323388980{padding-top: 0.8em !important;padding-bottom: 2.8em !important;}&#8221;]<div class=\"sc_section margin_top_large margin_bottom_medium margin_left_medium inverse_section\"><div class=\"sc_section_inner\"><h6 class=\"sc_section_subtitle sc_item_subtitle\">Ce que je traite<\/h6><h1 class=\"sc_section_title sc_item_title\">Th\u00e9matiques<\/h1><div class=\"sc_section_content_wrap\"><div class=\"columns_wrap sc_columns columns_nofluid sc_columns_count_2 margin_top_small\"><div class=\"column-1_2 sc_column_item sc_column_item_1 odd first\"><ul class=\"sc_list sc_list_style_iconed about \" style=\"color:#ffffff;\"><li class=\"sc_list_item odd first\" title=\"D\u00e9pression\"><span class=\"sc_list_icon icon-ok\" style=\"color:#ffffff;\"><\/span>D\u00e9pression<\/li><li class=\"sc_list_item even\" title=\"Burn out\"><span class=\"sc_list_icon icon-ok\" style=\"color:#ffffff;\"><\/span>Burn out<\/li><li class=\"sc_list_item odd\" title=\"Relations Toxiques\"><span class=\"sc_list_icon icon-ok\" style=\"color:#ffffff;\"><\/span>Relations Toxiques<\/li><li class=\"sc_list_item even\" title=\"Sexualit\u00e9 et sexualit\u00e9 dans le couple\"><span class=\"sc_list_icon icon-ok\" style=\"color:#ffffff;\"><\/span>Sexualit\u00e9 et sexualit\u00e9 dans le couple<\/li><li class=\"sc_list_item odd\" title=\"Deuil\"><span class=\"sc_list_icon icon-ok\" style=\"color:#ffffff;\"><\/span>Deuil<\/li><\/ul><\/div><div class=\"column-1_2 sc_column_item sc_column_item_2 even\"><ul class=\"sc_list sc_list_style_iconed about \" style=\"color:#ffffff;\"><li class=\"sc_list_item odd first\" title=\"Phobies\"><span class=\"sc_list_icon icon-ok\" style=\"color:#ffffff;\"><\/span>Phobies<\/li><li class=\"sc_list_item even\" title=\"Crise existentielle\"><span class=\"sc_list_icon icon-ok\" style=\"color:#ffffff;\"><\/span>Crise existentielle<\/li><li class=\"sc_list_item odd\" title=\"Relations parents-enfants\"><span class=\"sc_list_icon icon-ok\" style=\"color:#ffffff;\"><\/span>Relations parents-enfants<\/li><li class=\"sc_list_item even\" title=\"Addictions\"><span class=\"sc_list_icon icon-ok\" style=\"color:#ffffff;\"><\/span>Addictions<\/li><\/ul><\/div><\/div><\/div><div class=\"sc_section_button sc_item_button\"><a href=\"\/psychological-services\/\" class=\"sc_button sc_button_square sc_button_style_border sc_button_size_large\">View All<\/a><\/div><\/div><\/div>[\/vc_column][\/vc_row][vc_row disable_element=&#8221;yes&#8221;][vc_column css=&#8221;.vc_custom_1461332749358{padding-bottom: 1.2em !important;}&#8221;]<div class=\"sc_section margin_top_huge margin_bottom_tiny\"><div class=\"sc_section_inner\"><div class=\"sc_section_content_wrap\"><div id=\"sc_services_247684706_wrap\" class=\"sc_services_wrap\"><div id=\"sc_services_247684706\" class=\"sc_services sc_services_style_services-1 sc_services_type_images \" style=\"width:100%;\"><div class=\"sc_columns columns_wrap\"><div class=\"column-1_4 column_padding_bottom\">\t\t\t<div id=\"sc_services_247684706_1\"\t\t\t\tclass=\"sc_services_item sc_services_item_1 odd first\"\n\t\t\t\t>\n\t\t\t\t\t\t\t\t\t<div class=\"sc_services_item_featured post_featured\">\n\t\t\t\t\t\t\t<div class=\"post_thumb\" data-image=\"https:\/\/siteversion2.kinesiologie-strasbourg.com\/wp-content\/uploads\/2016\/04\/Icon-1-1.png\" data-title=\"Psychotherapy\">\n\t<a class=\"hover_icon hover_icon_link\" href=\"https:\/\/siteversion2.kinesiologie-strasbourg.com\/index.php\/services\/psychotherapy\/\"><img loading=\"lazy\" decoding=\"async\" class=\"wp-post-image\" width=\"138\" height=\"138\" alt=\"Psychotherapy\" src=\"https:\/\/siteversion2.kinesiologie-strasbourg.com\/wp-content\/uploads\/2016\/04\/Icon-1-1.png\"><\/a>\t<\/div>\n\t\t\t\t\t\t<\/div>\n\t\t\t\t\t\t\t\t\t<div class=\"sc_services_item_content\">\n\t\t\t\t\t<h4 class=\"sc_services_item_title\"><a href=\"https:\/\/siteversion2.kinesiologie-strasbourg.com\/index.php\/services\/psychotherapy\/\">Psychotherapy<\/a><\/h4>\n\t\t\t\t\t<div class=\"sc_services_item_description\">\n\t\t\t\t\t\t<p>There are over a thousand different named psychotherapies, some being minor variations while others are based on very different conceptions of...<\/p><a href=\"https:\/\/siteversion2.kinesiologie-strasbourg.com\/index.php\/services\/psychotherapy\/\" class=\"sc_services_item_readmore\">Learn More<span class=\"icon-double-right\"><\/span><\/a>\t\t\t\t\t<\/div>\n\t\t\t\t<\/div>\n\t\t\t<\/div>\n\t\t<\/div><div class=\"column-1_4 column_padding_bottom\">\t\t\t<div id=\"sc_services_247684706_2\"\t\t\t\tclass=\"sc_services_item sc_services_item_2 even\"\n\t\t\t\t>\n\t\t\t\t\t\t\t\t\t<div class=\"sc_services_item_featured post_featured\">\n\t\t\t\t\t\t\t<div class=\"post_thumb\" data-image=\"https:\/\/siteversion2.kinesiologie-strasbourg.com\/wp-content\/uploads\/2016\/04\/Icon-2-1.png\" data-title=\"Grief &#038; Loss\">\n\t<a class=\"hover_icon hover_icon_link\" href=\"https:\/\/siteversion2.kinesiologie-strasbourg.com\/index.php\/services\/grief-loss\/\"><img loading=\"lazy\" decoding=\"async\" class=\"wp-post-image\" width=\"138\" height=\"138\" alt=\"Grief &#038; Loss\" src=\"https:\/\/siteversion2.kinesiologie-strasbourg.com\/wp-content\/uploads\/2016\/04\/Icon-2-1.png\"><\/a>\t<\/div>\n\t\t\t\t\t\t<\/div>\n\t\t\t\t\t\t\t\t\t<div class=\"sc_services_item_content\">\n\t\t\t\t\t<h4 class=\"sc_services_item_title\"><a href=\"https:\/\/siteversion2.kinesiologie-strasbourg.com\/index.php\/services\/grief-loss\/\">Grief &#038; Loss<\/a><\/h4>\n\t\t\t\t\t<div class=\"sc_services_item_description\">\n\t\t\t\t\t\t<p>Psychologists employ empirical methods to infer causal and correlational relationships between psychosocial variables. In addition\/opposition...<\/p><a href=\"https:\/\/siteversion2.kinesiologie-strasbourg.com\/index.php\/services\/grief-loss\/\" class=\"sc_services_item_readmore\">Learn More<span class=\"icon-double-right\"><\/span><\/a>\t\t\t\t\t<\/div>\n\t\t\t\t<\/div>\n\t\t\t<\/div>\n\t\t<\/div><div class=\"column-1_4 column_padding_bottom\">\t\t\t<div id=\"sc_services_247684706_3\"\t\t\t\tclass=\"sc_services_item sc_services_item_3 odd\"\n\t\t\t\t>\n\t\t\t\t\t\t\t\t\t<div class=\"sc_services_item_featured post_featured\">\n\t\t\t\t\t\t\t<div class=\"post_thumb\" data-image=\"https:\/\/siteversion2.kinesiologie-strasbourg.com\/wp-content\/uploads\/2016\/04\/Icon-3-1.png\" data-title=\"Coaching\">\n\t<a class=\"hover_icon hover_icon_link\" href=\"https:\/\/siteversion2.kinesiologie-strasbourg.com\/index.php\/services\/coaching\/\"><img loading=\"lazy\" decoding=\"async\" class=\"wp-post-image\" width=\"138\" height=\"138\" alt=\"Coaching\" src=\"https:\/\/siteversion2.kinesiologie-strasbourg.com\/wp-content\/uploads\/2016\/04\/Icon-3-1.png\"><\/a>\t<\/div>\n\t\t\t\t\t\t<\/div>\n\t\t\t\t\t\t\t\t\t<div class=\"sc_services_item_content\">\n\t\t\t\t\t<h4 class=\"sc_services_item_title\"><a href=\"https:\/\/siteversion2.kinesiologie-strasbourg.com\/index.php\/services\/coaching\/\">Coaching<\/a><\/h4>\n\t\t\t\t\t<div class=\"sc_services_item_description\">\n\t\t\t\t\t\t<p>Psychologists consider the organism the basis of the mind, and therefore a vitally related area of study. Psychiatrists and neuropsychologists...<\/p><a href=\"https:\/\/siteversion2.kinesiologie-strasbourg.com\/index.php\/services\/coaching\/\" class=\"sc_services_item_readmore\">Learn More<span class=\"icon-double-right\"><\/span><\/a>\t\t\t\t\t<\/div>\n\t\t\t\t<\/div>\n\t\t\t<\/div>\n\t\t<\/div><div class=\"column-1_4 column_padding_bottom\">\t\t\t<div id=\"sc_services_247684706_4\"\t\t\t\tclass=\"sc_services_item sc_services_item_4 even\"\n\t\t\t\t>\n\t\t\t\t\t\t\t\t\t<div class=\"sc_services_item_featured post_featured\">\n\t\t\t\t\t\t\t<div class=\"post_thumb\" data-image=\"https:\/\/siteversion2.kinesiologie-strasbourg.com\/wp-content\/uploads\/2016\/04\/Icon-4-1.png\" data-title=\"Speaking\">\n\t<a class=\"hover_icon hover_icon_link\" href=\"https:\/\/siteversion2.kinesiologie-strasbourg.com\/index.php\/services\/speaking\/\"><img loading=\"lazy\" decoding=\"async\" class=\"wp-post-image\" width=\"138\" height=\"138\" alt=\"Speaking\" src=\"https:\/\/siteversion2.kinesiologie-strasbourg.com\/wp-content\/uploads\/2016\/04\/Icon-4-1.png\"><\/a>\t<\/div>\n\t\t\t\t\t\t<\/div>\n\t\t\t\t\t\t\t\t\t<div class=\"sc_services_item_content\">\n\t\t\t\t\t<h4 class=\"sc_services_item_title\"><a href=\"https:\/\/siteversion2.kinesiologie-strasbourg.com\/index.php\/services\/speaking\/\">Speaking<\/a><\/h4>\n\t\t\t\t\t<div class=\"sc_services_item_description\">\n\t\t\t\t\t\t<p>The majority of psychologists are involved in some kind of therapeutic role, practicing in clinical, counseling, or school settings. Many perform...<\/p><a href=\"https:\/\/siteversion2.kinesiologie-strasbourg.com\/index.php\/services\/speaking\/\" class=\"sc_services_item_readmore\">Learn More<span class=\"icon-double-right\"><\/span><\/a>\t\t\t\t\t<\/div>\n\t\t\t\t<\/div>\n\t\t\t<\/div>\n\t\t<\/div><\/div><\/div><!-- \/.sc_services --><\/div><!-- \/.sc_services_wrap --><\/div><\/div><\/div>[\/vc_column][\/vc_row]<\/p>\n<\/section>","protected":false},"excerpt":{"rendered":"<p>[vc_row][vc_column width=&#8221;1\/12&#8243;][\/vc_column][vc_column width=&#8221;5\/6&#8243; css=&#8221;.vc_custom_1461318466094{margin-top: 8.6em !important;margin-bottom: 6.5em !important;}&#8221;][vc_separator color=&#8221;orange&#8221;][vc_row_inner][vc_column_inner][vc_text_separator][vc_column_text]I am text block. Click edit button to change this text. Lorem ipsum dolor sit amet, consectetur adipiscing elit. Ut elit tellus, [&hellip;]<\/p>\n","protected":false},"author":1,"featured_media":0,"parent":0,"menu_order":0,"comment_status":"closed","ping_status":"closed","template":"","meta":{"footnotes":""},"class_list":["post-293","page","type-page","status-publish","hentry"],"_links":{"self":[{"href":"https:\/\/siteversion2.kinesiologie-strasbourg.com\/index.php\/wp-json\/wp\/v2\/pages\/293","targetHints":{"allow":["GET"]}}],"collection":[{"href":"https:\/\/siteversion2.kinesiologie-strasbourg.com\/index.php\/wp-json\/wp\/v2\/pages"}],"about":[{"href":"https:\/\/siteversion2.kinesiologie-strasbourg.com\/index.php\/wp-json\/wp\/v2\/types\/page"}],"author":[{"embeddable":true,"href":"https:\/\/siteversion2.kinesiologie-strasbourg.com\/index.php\/wp-json\/wp\/v2\/users\/1"}],"replies":[{"embeddable":true,"href":"https:\/\/siteversion2.kinesiologie-strasbourg.com\/index.php\/wp-json\/wp\/v2\/comments?post=293"}],"version-history":[{"count":18,"href":"https:\/\/siteversion2.kinesiologie-strasbourg.com\/index.php\/wp-json\/wp\/v2\/pages\/293\/revisions"}],"predecessor-version":[{"id":1737,"href":"https:\/\/siteversion2.kinesiologie-strasbourg.com\/index.php\/wp-json\/wp\/v2\/pages\/293\/revisions\/1737"}],"wp:attachment":[{"href":"https:\/\/siteversion2.kinesiologie-strasbourg.com\/index.php\/wp-json\/wp\/v2\/media?parent=293"}],"curies":[{"name":"wp","href":"https:\/\/api.w.org\/{rel}","templated":true}]}}