{"id":252,"date":"2016-04-20T14:46:59","date_gmt":"2016-04-20T14:46:59","guid":{"rendered":"http:\/\/siteversion2.kinesiologie-strasbourg.com\/?page_id=252"},"modified":"2024-02-15T17:23:07","modified_gmt":"2024-02-15T16:23:07","slug":"services","status":"publish","type":"page","link":"https:\/\/siteversion2.kinesiologie-strasbourg.com\/index.php\/services\/","title":{"rendered":"Services"},"content":{"rendered":"<section class=\"wpb-content-wrapper\"><p>[vc_row][vc_column css=&#8221;.vc_custom_1461338128950{padding-top: 2em !important;padding-bottom: 0.5em !important;}&#8221;]<div class=\"sc_section margin_top_huge margin_bottom_small aligncenter\"><div class=\"sc_section_inner\"><h6 class=\"sc_section_subtitle sc_item_subtitle\">what i offer<\/h6><h1 class=\"sc_section_title sc_item_title\">Services<\/h1><div class=\"sc_section_content_wrap\"><div id=\"sc_services_774912285_wrap\" class=\"sc_services_wrap\"><div id=\"sc_services_774912285\" class=\"sc_services sc_services_style_services-2 sc_services_type_images  margin_top_large\" style=\"width:100%;\"><div class=\"sc_columns columns_wrap\"><div class=\"column-1_3 column_padding_bottom\">\t\t\t<div id=\"sc_services_774912285_1\"\t\t\t\tclass=\"sc_services_item sc_services_item_1 odd first\"\n\t\t\t\t>\n\t\t\t\t\t\t\t\t\t<div class=\"sc_services_item_featured post_featured\">\n\t\t\t\t\t\t\t<div class=\"post_thumb\" data-image=\"https:\/\/siteversion2.kinesiologie-strasbourg.com\/wp-content\/uploads\/2016\/04\/service-1.jpg\" data-title=\"Th\u00e9rapie individuelle\">\n\t<a class=\"hover_icon hover_icon_link\" href=\"https:\/\/siteversion2.kinesiologie-strasbourg.com\/index.php\/services\/individual-therapy\/\"><img loading=\"lazy\" decoding=\"async\" class=\"wp-post-image\" width=\"740\" height=\"484\" alt=\"Th\u00e9rapie individuelle\" src=\"https:\/\/siteversion2.kinesiologie-strasbourg.com\/wp-content\/uploads\/2016\/04\/service-1-740x484.jpg\"><\/a>\t<\/div>\n\t\t\t\t\t\t<\/div>\n\t\t\t\t\t\t\t\t\t<div class=\"sc_services_item_content\">\n\t\t\t\t\t<h4 class=\"sc_services_item_title\"><a href=\"https:\/\/siteversion2.kinesiologie-strasbourg.com\/index.php\/services\/individual-therapy\/\">Th\u00e9rapie individuelle<\/a><\/h4>\n\t\t\t\t\t<div class=\"sc_services_item_description\">\n\t\t\t\t\t\t<p>Lorem ipsum dolor sit amet, consectetuer adicing elit. Praesent vestib. Aenan nonummy hendrerit mauris. Phasellus porta.<\/p><a href=\"https:\/\/siteversion2.kinesiologie-strasbourg.com\/index.php\/services\/individual-therapy\/\" class=\"sc_button sc_button_square sc_button_style_filled sc_button_size_medium sc_services_item_readmore \">En savoir plus<\/a>\t\t\t\t\t<\/div>\n\t\t\t\t<\/div>\n\t\t\t<\/div>\n\t\t<\/div><div class=\"column-1_3 column_padding_bottom\">\t\t\t<div id=\"sc_services_774912285_2\"\t\t\t\tclass=\"sc_services_item sc_services_item_2 even\"\n\t\t\t\t>\n\t\t\t\t\t\t\t\t\t<div class=\"sc_services_item_featured post_featured\">\n\t\t\t\t\t\t\t<div class=\"post_thumb\" data-image=\"https:\/\/siteversion2.kinesiologie-strasbourg.com\/wp-content\/uploads\/2016\/04\/service-2.jpg\" data-title=\"Th\u00e9rapie de couples\">\n\t<a class=\"hover_icon hover_icon_link\" href=\"https:\/\/siteversion2.kinesiologie-strasbourg.com\/index.php\/services\/couples-therapy\/\"><img loading=\"lazy\" decoding=\"async\" class=\"wp-post-image\" width=\"740\" height=\"484\" alt=\"Th\u00e9rapie de couples\" src=\"https:\/\/siteversion2.kinesiologie-strasbourg.com\/wp-content\/uploads\/2016\/04\/service-2-740x484.jpg\"><\/a>\t<\/div>\n\t\t\t\t\t\t<\/div>\n\t\t\t\t\t\t\t\t\t<div class=\"sc_services_item_content\">\n\t\t\t\t\t<h4 class=\"sc_services_item_title\"><a href=\"https:\/\/siteversion2.kinesiologie-strasbourg.com\/index.php\/services\/couples-therapy\/\">Th\u00e9rapie de couples<\/a><\/h4>\n\t\t\t\t\t<div class=\"sc_services_item_description\">\n\t\t\t\t\t\t<p>Lorem ipsum dolor sit amet, consectetuer adicing elit. Praesent vestib. Aenan nonummy hendrerit mauris. Phasellus porta.<\/p><a href=\"https:\/\/siteversion2.kinesiologie-strasbourg.com\/index.php\/services\/couples-therapy\/\" class=\"sc_button sc_button_square sc_button_style_filled sc_button_size_medium sc_services_item_readmore \">En savoir plus<\/a>\t\t\t\t\t<\/div>\n\t\t\t\t<\/div>\n\t\t\t<\/div>\n\t\t<\/div><div class=\"column-1_3 column_padding_bottom\">\t\t\t<div id=\"sc_services_774912285_3\"\t\t\t\tclass=\"sc_services_item sc_services_item_3 odd\"\n\t\t\t\t>\n\t\t\t\t\t\t\t\t\t<div class=\"sc_services_item_featured post_featured\">\n\t\t\t\t\t\t\t<div class=\"post_thumb\" data-image=\"https:\/\/siteversion2.kinesiologie-strasbourg.com\/wp-content\/uploads\/2016\/04\/service-3.jpg\" data-title=\"Th\u00e9rapie Parents-Enfants\">\n\t<a class=\"hover_icon hover_icon_link\" href=\"https:\/\/siteversion2.kinesiologie-strasbourg.com\/index.php\/services\/commitment-issues-counseling\/\"><img loading=\"lazy\" decoding=\"async\" class=\"wp-post-image\" width=\"740\" height=\"484\" alt=\"Th\u00e9rapie Parents-Enfants\" src=\"https:\/\/siteversion2.kinesiologie-strasbourg.com\/wp-content\/uploads\/2016\/04\/service-3-740x484.jpg\"><\/a>\t<\/div>\n\t\t\t\t\t\t<\/div>\n\t\t\t\t\t\t\t\t\t<div class=\"sc_services_item_content\">\n\t\t\t\t\t<h4 class=\"sc_services_item_title\"><a href=\"https:\/\/siteversion2.kinesiologie-strasbourg.com\/index.php\/services\/commitment-issues-counseling\/\">Th\u00e9rapie Parents-Enfants<\/a><\/h4>\n\t\t\t\t\t<div class=\"sc_services_item_description\">\n\t\t\t\t\t\t<p>Lorem ipsum dolor sit amet, consectetuer adicing elit. Praesent vestib. Aenan nonummy hendrerit mauris. Phasellus porta.<\/p><a href=\"https:\/\/siteversion2.kinesiologie-strasbourg.com\/index.php\/services\/commitment-issues-counseling\/\" class=\"sc_button sc_button_square sc_button_style_filled sc_button_size_medium sc_services_item_readmore \">En savoir plus<\/a>\t\t\t\t\t<\/div>\n\t\t\t\t<\/div>\n\t\t\t<\/div>\n\t\t<\/div><\/div><\/div><!-- \/.sc_services --><\/div><!-- \/.sc_services_wrap --><\/div><\/div><\/div>[\/vc_column][\/vc_row][vc_row full_width=&#8221;stretch_row_content_no_spaces&#8221;][vc_column]<div class=\"sc_section\"><div class=\"sc_section_inner\"><div class=\"sc_section_content_wrap\">[vc_cta h2=&#8221;\u00cates-vous pr\u00eat \u00e0 changer votre vie ?&#8221; h2_font_container=&#8221;tag:h2|font_size:3.625em|text_align:center|line_height:1.276&#8243; h2_use_theme_fonts=&#8221;yes&#8221; txt_align=&#8221;center&#8221; shape=&#8221;square&#8221; color=&#8221;white&#8221; use_custom_fonts_h2=&#8221;true&#8221; css=&#8221;.vc_custom_1706728418874{background-image: url(http:\/\/siteversion2.kinesiologie-strasbourg.com\/wp-content\/uploads\/2016\/04\/6.jpg?id=254) !important;}&#8221; el_class=&#8221;large_cta&#8221;]<a class=\"sc_button sc_button_square sc_button_style_filled sc_button_size_large\" href=\"http:\/\/siteversion2.kinesiologie-strasbourg.com\/appointment\/\" target=\"_blank\" rel=\"noopener\">Prendre rendez-vous<\/a>[\/vc_cta]<\/div><\/div><\/div>[\/vc_column][\/vc_row][vc_row disable_element=&#8221;yes&#8221;][vc_column css=&#8221;.vc_custom_1461339232606{padding-top: 1.1em !important;padding-bottom: 1.6em !important;}&#8221;]<div class=\"sc_section margin_top_large margin_bottom_large aligncenter\"><div class=\"sc_section_inner\"><h6 class=\"sc_section_subtitle sc_item_subtitle\">my activity in the<\/h6><h1 class=\"sc_section_title sc_item_title\">Press<\/h1><div class=\"sc_section_content_wrap\"><div id=\"sc_clients_164944475_wrap\" class=\"sc_clients_wrap\"><div id=\"sc_clients_164944475\" class=\"sc_clients sc_clients_style_clients-1  margin_top_small\" style=\"width:100%;\"><div class=\"sc_slider_swiper swiper-slider-container sc_slider_nopagination sc_slider_nocontrols\" data-interval=\"5000\" data-slides-per-view=\"6\" data-slides-min-width=\"100\"><div class=\"slides swiper-wrapper\"><div class=\"swiper-slide\" data-style=\"width:100%;\" style=\"width:100%;\">\t\t\t<div id=\"sc_clients_164944475_1\" class=\"sc_clients_item sc_clients_item_1 odd first\">\n\t\t\t\t\t\t\t\t<div class=\"sc_client_image\"><img decoding=\"async\" class=\"wp-post-image\" alt=\"Client 14\" src=\"https:\/\/siteversion2.kinesiologie-strasbourg.com\/wp-content\/uploads\/2017\/10\/client-7.png\"><\/div>\n\t\t\t\t\t\t\t<\/div>\n\t\t<\/div><div class=\"swiper-slide\" data-style=\"width:100%;\" style=\"width:100%;\">\t\t\t<div id=\"sc_clients_164944475_2\" class=\"sc_clients_item sc_clients_item_2 even\">\n\t\t\t\t\t\t\t\t<div class=\"sc_client_image\"><img decoding=\"async\" class=\"wp-post-image\" alt=\"Client 13\" src=\"https:\/\/siteversion2.kinesiologie-strasbourg.com\/wp-content\/uploads\/2017\/10\/client-8.png\"><\/div>\n\t\t\t\t\t\t\t<\/div>\n\t\t<\/div><div class=\"swiper-slide\" data-style=\"width:100%;\" style=\"width:100%;\">\t\t\t<div id=\"sc_clients_164944475_3\" class=\"sc_clients_item sc_clients_item_3 odd\">\n\t\t\t\t\t\t\t\t<div class=\"sc_client_image\"><img decoding=\"async\" class=\"wp-post-image\" alt=\"Client 12\" src=\"https:\/\/siteversion2.kinesiologie-strasbourg.com\/wp-content\/uploads\/2017\/10\/cleint-9.png\"><\/div>\n\t\t\t\t\t\t\t<\/div>\n\t\t<\/div><div class=\"swiper-slide\" data-style=\"width:100%;\" style=\"width:100%;\">\t\t\t<div id=\"sc_clients_164944475_4\" class=\"sc_clients_item sc_clients_item_4 even\">\n\t\t\t\t\t\t\t\t<div class=\"sc_client_image\"><img decoding=\"async\" class=\"wp-post-image\" alt=\"Client 11\" src=\"https:\/\/siteversion2.kinesiologie-strasbourg.com\/wp-content\/uploads\/2017\/10\/client-9.png\"><\/div>\n\t\t\t\t\t\t\t<\/div>\n\t\t<\/div><div class=\"swiper-slide\" data-style=\"width:100%;\" style=\"width:100%;\">\t\t\t<div id=\"sc_clients_164944475_5\" class=\"sc_clients_item sc_clients_item_5 odd\">\n\t\t\t\t\t\t\t\t<div class=\"sc_client_image\"><img decoding=\"async\" class=\"wp-post-image\" alt=\"Client 10\" src=\"https:\/\/siteversion2.kinesiologie-strasbourg.com\/wp-content\/uploads\/2017\/10\/client-10.png\"><\/div>\n\t\t\t\t\t\t\t<\/div>\n\t\t<\/div><div class=\"swiper-slide\" data-style=\"width:100%;\" style=\"width:100%;\">\t\t\t<div id=\"sc_clients_164944475_6\" class=\"sc_clients_item sc_clients_item_6 even\">\n\t\t\t\t\t\t\t\t<div class=\"sc_client_image\"><img decoding=\"async\" class=\"wp-post-image\" alt=\"Client 9\" src=\"https:\/\/siteversion2.kinesiologie-strasbourg.com\/wp-content\/uploads\/2017\/10\/client-11.png\"><\/div>\n\t\t\t\t\t\t\t<\/div>\n\t\t<\/div><div class=\"swiper-slide\" data-style=\"width:100%;\" style=\"width:100%;\">\t\t\t<div id=\"sc_clients_164944475_7\" class=\"sc_clients_item sc_clients_item_7 odd\">\n\t\t\t\t\t\t\t\t<div class=\"sc_client_image\"><img decoding=\"async\" class=\"wp-post-image\" alt=\"Client 8\" src=\"https:\/\/siteversion2.kinesiologie-strasbourg.com\/wp-content\/uploads\/2017\/10\/client-12.png\"><\/div>\n\t\t\t\t\t\t\t<\/div>\n\t\t<\/div><div class=\"swiper-slide\" data-style=\"width:100%;\" style=\"width:100%;\">\t\t\t<div id=\"sc_clients_164944475_8\" class=\"sc_clients_item sc_clients_item_8 even\">\n\t\t\t\t\t\t\t\t<div class=\"sc_client_image\"><img decoding=\"async\" class=\"wp-post-image\" alt=\"Client 7\" src=\"https:\/\/siteversion2.kinesiologie-strasbourg.com\/wp-content\/uploads\/2017\/10\/client-13.png\"><\/div>\n\t\t\t\t\t\t\t<\/div>\n\t\t<\/div><div class=\"swiper-slide\" data-style=\"width:100%;\" style=\"width:100%;\">\t\t\t<div id=\"sc_clients_164944475_9\" class=\"sc_clients_item sc_clients_item_9 odd\">\n\t\t\t\t\t\t\t\t<div class=\"sc_client_image\"><img decoding=\"async\" class=\"wp-post-image\" alt=\"Client 6\" src=\"https:\/\/siteversion2.kinesiologie-strasbourg.com\/wp-content\/uploads\/2016\/04\/client-1.png\"><\/div>\n\t\t\t\t\t\t\t<\/div>\n\t\t<\/div><div class=\"swiper-slide\" data-style=\"width:100%;\" style=\"width:100%;\">\t\t\t<div id=\"sc_clients_164944475_10\" class=\"sc_clients_item sc_clients_item_10 even\">\n\t\t\t\t\t\t\t\t<div class=\"sc_client_image\"><img decoding=\"async\" class=\"wp-post-image\" alt=\"Client 5\" src=\"https:\/\/siteversion2.kinesiologie-strasbourg.com\/wp-content\/uploads\/2016\/04\/client-2.png\"><\/div>\n\t\t\t\t\t\t\t<\/div>\n\t\t<\/div><\/div><div class=\"sc_slider_controls_wrap\"><a class=\"sc_slider_prev\" href=\"#\"><\/a><a class=\"sc_slider_next\" href=\"#\"><\/a><\/div><div class=\"sc_slider_pagination_wrap\"><\/div><\/div><\/div><!-- \/.sc_clients --><\/div><!-- \/.sc_clients_wrap --><\/div><\/div><\/div>[\/vc_column][\/vc_row]<\/p>\n<\/section>","protected":false},"excerpt":{"rendered":"<p>[vc_row][vc_column css=&#8221;.vc_custom_1461338128950{padding-top: 2em !important;padding-bottom: 0.5em !important;}&#8221;][\/vc_column][\/vc_row][vc_row full_width=&#8221;stretch_row_content_no_spaces&#8221;][vc_column][\/vc_column][\/vc_row][vc_row disable_element=&#8221;yes&#8221;][vc_column css=&#8221;.vc_custom_1461339232606{padding-top: 1.1em !important;padding-bottom: 1.6em !important;}&#8221;][\/vc_column][\/vc_row]<\/p>\n","protected":false},"author":1,"featured_media":0,"parent":0,"menu_order":0,"comment_status":"closed","ping_status":"closed","template":"","meta":{"footnotes":""},"class_list":["post-252","page","type-page","status-publish","hentry"],"_links":{"self":[{"href":"https:\/\/siteversion2.kinesiologie-strasbourg.com\/index.php\/wp-json\/wp\/v2\/pages\/252","targetHints":{"allow":["GET"]}}],"collection":[{"href":"https:\/\/siteversion2.kinesiologie-strasbourg.com\/index.php\/wp-json\/wp\/v2\/pages"}],"about":[{"href":"https:\/\/siteversion2.kinesiologie-strasbourg.com\/index.php\/wp-json\/wp\/v2\/types\/page"}],"author":[{"embeddable":true,"href":"https:\/\/siteversion2.kinesiologie-strasbourg.com\/index.php\/wp-json\/wp\/v2\/users\/1"}],"replies":[{"embeddable":true,"href":"https:\/\/siteversion2.kinesiologie-strasbourg.com\/index.php\/wp-json\/wp\/v2\/comments?post=252"}],"version-history":[{"count":7,"href":"https:\/\/siteversion2.kinesiologie-strasbourg.com\/index.php\/wp-json\/wp\/v2\/pages\/252\/revisions"}],"predecessor-version":[{"id":1367,"href":"https:\/\/siteversion2.kinesiologie-strasbourg.com\/index.php\/wp-json\/wp\/v2\/pages\/252\/revisions\/1367"}],"wp:attachment":[{"href":"https:\/\/siteversion2.kinesiologie-strasbourg.com\/index.php\/wp-json\/wp\/v2\/media?parent=252"}],"curies":[{"name":"wp","href":"https:\/\/api.w.org\/{rel}","templated":true}]}}