{"id":1066,"date":"2019-10-03T12:40:37","date_gmt":"2019-10-03T12:40:37","guid":{"rendered":"http:\/\/siteversion2.kinesiologie-strasbourg.com\/?page_id=1066"},"modified":"2024-02-15T17:22:55","modified_gmt":"2024-02-15T16:22:55","slug":"seances","status":"publish","type":"page","link":"https:\/\/siteversion2.kinesiologie-strasbourg.com\/index.php\/seances\/","title":{"rendered":"S\u00e9ances"},"content":{"rendered":"<section class=\"wpb-content-wrapper\"><p>[vc_row][vc_column][vc_column_text]<\/p>\n<h2><span data-sheets-root=\"1\" data-sheets-value=\"{&quot;1&quot;:2,&quot;2&quot;:&quot;D\u00e9roul\u00e9 en g\u00e9n\u00e9ral&quot;}\" data-sheets-userformat=\"{&quot;2&quot;:16897,&quot;3&quot;:{&quot;1&quot;:0},&quot;12&quot;:0,&quot;17&quot;:1}\">D\u00e9roul\u00e9 des s\u00e9ances\u00a0<\/span><\/h2>\n<p>Nous faisons un premier contact t\u00e9l\u00e9phonique gratuit d&#8217;environ 30 min o\u00f9 vous m&#8217;expliquez vos probl\u00e9matiques. Je vous explique en quelques mots le d\u00e9roulement des s\u00e9ances. Si vous souhaitez continuer nous prenons rendez-vous.<\/p>\n<p>Lors de notre premier rendez-vous nous d\u00e9finissons vos objectifs et nous d\u00e9butons le protocole.<\/p>\n<p>Pour la suite, nous fixons les rendez-vous selon vos disponibilit\u00e9s, je consulte \u00e9galement par t\u00e9l\u00e9phone ou visio-conf\u00e9rence.<\/p>\n<p>&nbsp;<\/p>\n<h2>Prise de rendez-vous et rendez-vous<\/h2>\n<p class=\"p1\"><span class=\"s1\">Par t\u00e9l\u00e9phone ou bien via le site internet dans l&#8217;onglet Offre\/Rendez-vous.<span class=\"Apple-converted-space\">\u00a0<\/span><\/span><\/p>\n<p class=\"p1\"><span class=\"s1\">En physique \u00e0 l&#8217;adresse 10, rue Strauss-Durkheim.<\/span><\/p>\n<p class=\"p1\"><span class=\"s1\">Par t\u00e9l\u00e9phone : +33 6 32 81 97 40.<\/span><\/p>\n<p class=\"p1\"><span class=\"s1\">En visio-conf\u00e9rence : Skype, Teams, Facetime ou WhatsApp vid\u00e9o.<\/span><\/p>\n<p>&nbsp;<\/p>\n<h2 class=\"p1\"><span class=\"s1\">FAQ<\/span><\/h2>\n<p class=\"p1\"><span class=\"s1\">Dois-je pr\u00e9parer quelque chose en particulier avant la s\u00e9ance ? Il n&#8217;y a rien de particulier \u00e0 faire<\/span><\/p>\n<p class=\"p1\"><span class=\"s1\">Combien de temps dure une th\u00e9rapie ? Nous fixons ensemble le nombre de s\u00e9ances selon votre probl\u00e9matique, en g\u00e9n\u00e9ral entre 5 et 6 s\u00e9ances. Vous pouvez \u00e9galement arr\u00eater la th\u00e9rapie \u00e0 tout moment.<\/span><\/p>\n<p class=\"p1\"><span class=\"s1\">Combien de temps dure une s\u00e9ance ? 1h en moyenne.<\/span><\/p>\n<p class=\"p1\"><span class=\"s1\">Quel moyen de paiement ? Esp\u00e8ces, ch\u00e8que, virement bancaire ou Paypal<\/span><\/p>\n<p class=\"p1\"><span class=\"s1\">Combien de temps en avance dois-je annuler la s\u00e9ance ? 48h \u00e0 l&#8217;avance sinon l&#8217;int\u00e9gralit\u00e9 de la s\u00e9ance est d\u00fbe.<span class=\"Apple-converted-space\">\u00a0<\/span><\/span><\/p>\n<p>&nbsp;<\/p>\n<h2 class=\"p1\"><span class=\"s1\">Tarifs<span class=\"Apple-converted-space\">\u00a0<\/span><\/span><\/h2>\n<p class=\"p1\"><span class=\"s1\">80\u20ac \/ heure<\/span><\/p>\n<p class=\"p1\"><span class=\"s1\">\u00c0 ce jour, la PsychoM\u00e9taphysique n&#8217;est pas une pratique rembours\u00e9e par la s\u00e9curit\u00e9 sociale.<\/span><\/p>\n<p>[\/vc_column_text][\/vc_column][\/vc_row][vc_row][vc_column]<h2 class=\"sc_title sc_title_regular\"><\/p>\n<p style=\"text-align: left;\">Forfaits<\/p>\n<p><\/h2><div class=\"columns_wrap sc_columns columns_nofluid sc_columns_count_3\"><div class=\"column-1_3 sc_column_item sc_column_item_1 odd first\"><div class=\"sc_price_block sc_price_block_style_1\"><div class=\"sc_price_block_title\"><span>Installation + Logo change<\/span><\/div><div class=\"sc_price_block_money\"><div class=\"sc_price_block_icon none\"><\/div><div class=\"sc_price\"><span class=\"sc_price_currency\">$<\/span><span class=\"sc_price_money\">45<\/span><\/div><\/div><div class=\"sc_price_block_description\"><ul class=\"sc_list sc_list_style_iconed\"><li class=\"sc_list_item odd first\"><span class=\"sc_list_icon icon-ok\"><\/span><span class=\"list_title\"><\/span>The template will be installed on your server exactly as the demo looks like. You will get access to the admin panel, so you can manage your website<\/li><li class=\"sc_list_item even\"><span class=\"sc_list_icon icon-ok\"><\/span><span class=\"list_title\"><\/span>We will replace the template\u2019s logo with yours on each page of the template. The logo has to be in good quality in .PSD, .EPS, .PNG, .JPG format. Logo width should be 300px and 600px<\/li><\/ul><\/div><div class=\"sc_price_block_link\"><a href=\"https:\/\/themerex.net\/downloads\/theme-installation\/?utm_source=demosplus&utm_medium=demosplus&utm_campaign=demosplus\" class=\"sc_button sc_button_square sc_button_style_border sc_button_size_medium\">Grab this deal<\/a><\/div><\/div><\/div><div class=\"column-1_3 sc_column_item sc_column_item_2 even\"><div class=\"sc_price_block sc_price_block_style_1\"><div class=\"sc_price_block_title\"><span>Ready-to-use Website<\/span><\/div><div class=\"sc_price_block_money\"><div class=\"sc_price\"><span class=\"sc_price_currency\">$<\/span><span class=\"sc_price_money\">395<\/span><\/div><\/div><div class=\"sc_price_block_description\"><ul class=\"sc_list sc_list_style_iconed\"><li class=\"sc_list_item odd first\"><span class=\"sc_list_icon icon-ok\"><\/span><span class=\"list_title\"><\/span>Theme installation on you server with your logo<\/li><li class=\"sc_list_item even\"><span class=\"sc_list_icon icon-ok\"><\/span><span class=\"list_title\"><\/span>Google map with your address set<\/li><li class=\"sc_list_item odd\"><span class=\"sc_list_icon icon-ok\"><\/span><span class=\"list_title\"><\/span>Content and images replacement up to 6 pages (without layout change)<\/li><li class=\"sc_list_item even\"><span class=\"sc_list_icon icon-ok\"><\/span><span class=\"list_title\"><\/span>Removing elements that you do not need on your website<\/li><li class=\"sc_list_item odd\"><span class=\"sc_list_icon icon-ok\"><\/span><span class=\"list_title\"><\/span>Social icons set (without changing theme layout)<\/li><li class=\"sc_list_item even\"><span class=\"sc_list_icon icon-ok\"><\/span><span class=\"list_title\"><\/span>Color scheme replacement<\/li><\/ul><\/div><div class=\"sc_price_block_link\"><a href=\"https:\/\/themerex.net\/downloads\/ready-use-website\/?utm_source=demosplus&utm_medium=demosplus&utm_campaign=demosplus\" class=\"sc_button sc_button_square sc_button_style_border sc_button_size_medium\">Grab this deal<\/a><\/div><\/div><\/div><div class=\"column-1_3 sc_column_item sc_column_item_3 odd\"><div class=\"sc_price_block sc_price_block_style_1\"><div class=\"sc_price_block_title\"><span>Full Website Package<\/span><\/div><div class=\"sc_price_block_money\"><div class=\"sc_price\"><span class=\"sc_price_currency\">$<\/span><span class=\"sc_price_money\">699<\/span><\/div><\/div><div class=\"sc_price_block_description\"><ul class=\"sc_list sc_list_style_iconed\"><li class=\"sc_list_item odd first\"><span class=\"sc_list_icon icon-ok\"><\/span><span class=\"list_title\"><\/span>WordPress and theme installation<\/li><li class=\"sc_list_item even\"><span class=\"sc_list_icon icon-ok\"><\/span><span class=\"list_title\"><\/span>Customization of website branding<\/li><li class=\"sc_list_item odd\"><span class=\"sc_list_icon icon-ok\"><\/span><span class=\"list_title\"><\/span>Content setup (adding 6 pages, 6 posts, Revolution sliders)<\/li><li class=\"sc_list_item even\"><span class=\"sc_list_icon icon-ok\"><\/span><span class=\"list_title\"><\/span>SEO Essentials<\/li><li class=\"sc_list_item odd\"><span class=\"sc_list_icon icon-ok\"><\/span><span class=\"list_title\"><\/span>Website speed optimization<\/li><\/ul><\/div><div class=\"sc_price_block_link\"><a href=\"https:\/\/themerex.net\/downloads\/full-website-package\/?utm_source=demosplus&utm_medium=demosplus&utm_campaign=demosplus\" class=\"sc_button sc_button_square sc_button_style_border sc_button_size_medium\">Grab this deal<\/a><\/div><\/div><\/div><\/div>[\/vc_column][\/vc_row]<\/p>\n<\/section>","protected":false},"excerpt":{"rendered":"<p>[vc_row][vc_column][vc_column_text] D\u00e9roul\u00e9 des s\u00e9ances\u00a0 Nous faisons un premier contact t\u00e9l\u00e9phonique gratuit d&#8217;environ 30 min o\u00f9 vous m&#8217;expliquez vos probl\u00e9matiques. Je vous explique en quelques mots le d\u00e9roulement des s\u00e9ances. Si [&hellip;]<\/p>\n","protected":false},"author":1,"featured_media":0,"parent":0,"menu_order":0,"comment_status":"closed","ping_status":"closed","template":"","meta":{"footnotes":""},"class_list":["post-1066","page","type-page","status-publish","hentry"],"_links":{"self":[{"href":"https:\/\/siteversion2.kinesiologie-strasbourg.com\/index.php\/wp-json\/wp\/v2\/pages\/1066","targetHints":{"allow":["GET"]}}],"collection":[{"href":"https:\/\/siteversion2.kinesiologie-strasbourg.com\/index.php\/wp-json\/wp\/v2\/pages"}],"about":[{"href":"https:\/\/siteversion2.kinesiologie-strasbourg.com\/index.php\/wp-json\/wp\/v2\/types\/page"}],"author":[{"embeddable":true,"href":"https:\/\/siteversion2.kinesiologie-strasbourg.com\/index.php\/wp-json\/wp\/v2\/users\/1"}],"replies":[{"embeddable":true,"href":"https:\/\/siteversion2.kinesiologie-strasbourg.com\/index.php\/wp-json\/wp\/v2\/comments?post=1066"}],"version-history":[{"count":6,"href":"https:\/\/siteversion2.kinesiologie-strasbourg.com\/index.php\/wp-json\/wp\/v2\/pages\/1066\/revisions"}],"predecessor-version":[{"id":1366,"href":"https:\/\/siteversion2.kinesiologie-strasbourg.com\/index.php\/wp-json\/wp\/v2\/pages\/1066\/revisions\/1366"}],"wp:attachment":[{"href":"https:\/\/siteversion2.kinesiologie-strasbourg.com\/index.php\/wp-json\/wp\/v2\/media?parent=1066"}],"curies":[{"name":"wp","href":"https:\/\/api.w.org\/{rel}","templated":true}]}}